{"id":1477,"date":"2021-01-27T09:32:30","date_gmt":"2021-01-27T09:32:30","guid":{"rendered":"https:\/\/mrhandy.cymolthemes.com\/heating\/cart\/"},"modified":"2022-06-13T10:10:16","modified_gmt":"2022-06-13T08:10:16","slug":"cart","status":"publish","type":"page","link":"https:\/\/webdevconsulting.fr\/test4\/cart\/","title":{"rendered":"Blog"},"content":{"rendered":"<p>[vc_row][vc_column]<div class=\"cymolthemes-boxes cymolthemes-boxes-blog cymolthemes-boxes-view-carousel cymolthemes-boxes-col-three cymolthemes-boxes-sortable-no cymolthemes-boxes-textalign-center cmt-sboxcta3-rev-heading cymolthemes-boxes-spacing-5px cmt-boxes-carousel-arrow-round cmt-sboxboxes-carousel-arrows-above cmt-sboxboxes-txtalign-center\" data-cmt-sboxspeed=\"1500\" data-cmt-sboxautoplay=\"1\" data-cmt-sboxautoplayspeed=\"4500\" data-cmt-sboxloop=\"1\" data-cmt-sboxdots=\"0\" data-cmt-sboxnav=\"above\" data-cmt-sboxcentermode=\"0\" data-cmt-sboxcenterpadding=\"300\" data-cmt-sboxarrowtype=\"round\" data-cmt-sboxpauseonfocus=\"1\" data-cmt-sboxpauseonhover=\"1\" data-cmt-sboxslidestoscroll=\"column\" data-cmt-sboxeffecttype=\"slide\">\n\t\t<div class=\"cymolthemes-boxes-inner cymolthemes-boxes-blog-inner \"><div class=\"cymolthemes-box-heading-wrapper cmt-sboxelement-align-center\"><div class=\"cmt-element-heading-wrapper cmt-sboxheading-inner cmt-sboxelement-align-center cmt-seperator-none cmt-sboxheading-style-vertical \"><section class=\"cmt-sboxvc_cta3-container\"><div class=\"cmt-vc_general cmt-sboxvc_cta3 cmt-sboxcta3-only cmt-sboxvc_cta3-style-classic cmt-sboxvc_cta3-shape-rounded cmt-sboxvc_cta3-align-center cmt-sboxvc_cta3-color-transparent cmt-sboxvc_cta3-icon-size-md cmt-sboxvc_cta3-actions-no cmt-sboxcta3-with-desc\"><div class=\"cmt-vc_cta3_content-container\"><div class=\"cmt-vc_cta3-content\"><header class=\"cmt-vc_cta3-content-header cmt-section-wrapper \"><div class=\"cmt-sboxvc_cta3-headers cmt-section-wrapper-cell\"><h2 class=\"cmt-custom-heading \" >Blog<\/h2>\n<\/div><div class=\"heading-seperator\"><span><\/span><\/div><\/header><div class=\"cmt-sboxcta3-content-wrapper\"><p>D\u00e9couvrez toutes les sp\u00e9cialit\u00e9s que vous propose notre pr\u00e9parateur de biberon connect\u00e9 Smart\u00a0<span id=\"1\">BIB<\/span>.<\/p><\/div><\/div><\/div><\/div><\/section><\/div> <!-- .cmt-element-heading-wrapper container --> <\/div> <!-- .cmt-element-heading-wrapper container --> \n\t\t\t\n\t\t\t<div class=\"row multi-columns-row cymolthemes-boxes-row-wrapper\">\n\t\t\t\t<div class=\"cmt-sboxbox-col-wrapper col-lg-4 col-sm-6 col-md-4 col-xs-12 biberon\"><article class=\"cymolthemes-box cymolthemes-box-blog cymolthemes-blogbox-stylefive cymolthemes-blogbox-styleseven cymolthemes-blogbox-format- cmt-sboxno-featured-content\">\n\t<div class=\"post-item\">\n\t\t<div class=\"cymolthemes-box-content\">\n\t\t\t\t<div class=\"cmt-featured-outer-wrapper cmt-post-featured-outer-wrapper\">\n\t\t\t\t\t\t\n\t\t\t\t<\/div>\n\t\t\t\t<div class=\"cmt-box-above-meta cmt-section-wrapper\">\n\t\t\t\t\t<div class=\"cmt-entry-inner-meta cmt-section-wrapper-cell\">\n\t\t\t\t\t<div class=\"cmt-sboxentry-meta-wrapper\"><div class=\"entry-meta cmt-sboxentry-meta cmt-sboxentry-meta-blogbox\"><span class=\"cmt-meta-line byline\"><i class=\"fa fa-user cmt-hide\"><\/i><img alt='' src='https:\/\/secure.gravatar.com\/avatar\/ccf588cbd6c214f9b9f2f7d5f5b7aa82?s=32&#038;d=mm&#038;r=g' srcset='https:\/\/secure.gravatar.com\/avatar\/ccf588cbd6c214f9b9f2f7d5f5b7aa82?s=64&#038;d=mm&#038;r=g 2x' class='avatar avatar-32 photo' height='32' width='32' loading='lazy'\/><span class=\"author vcard\"><span class=\"screen-reader-text cmt-hide\">Author <\/span><a class=\"url fn n\" href=\"https:\/\/webdevconsulting.fr\/test4\/author\/stephane\/\">Stephane<\/a><\/span><\/span><span class=\"cmt-meta-line posted-on\"><i class=\"fa fa-calendar\"><\/i> <span class=\"screen-reader-text cmt-hide\">Posted on <\/span><a href=\"https:\/\/webdevconsulting.fr\/test4\/42339\/\" rel=\"bookmark\"><time class=\"entry-date published\" datetime=\"2025-07-11T04:46:35+02:00\">11 juillet 2025<\/time><time class=\"updated cmt-hide\" datetime=\"2025-07-12T13:38:11+02:00\">12 juillet 2025<\/time><\/a><\/span><\/div><\/div><\/div>\n\t\t\t\t\t<div class=\"cymolthemes-blogbox-footer-comment cmt-section-wrapper-cell\">\n\t\t\t\t\t\t\t\t\t\t\t\t\t\t <\/div>\n\t\t\t\t<\/div>\n\t\t\t    <div class=\"cymolthemes-box-desc\">\n\t\t\t\t\t<div class=\"cymolthemes-box-content-inner\">\n\t\t\t\t\t\t\t\t\t\t\t\t\t<div class=\"cmt-post-categories\"><span class=\"cmt-meta-line cat-links\"><span class=\"screen-reader-text cmt-hide\">Categories <\/span><a href=\"https:\/\/webdevconsulting.fr\/test4\/category\/biberon\/\">Solution<\/a><\/span><\/div>\n\t\t\t\t\t\t\t\t\t\t\t\t<div class=\"entry-header\">\n\t\t\t\t\t\t\t<div class=\"cymolthemes-box-title\"><h4><a href=\"https:\/\/webdevconsulting.fr\/test4\/42339\/\"><\/a><\/h4><\/div>\t\n\t\t\t\t\t\t<\/div>\t\t\t\n\t\t\t\t\t<\/div>\t\t\t\t\t\n\t            <\/div>\n\t\t<\/div>\n\t<\/div>\n<\/article>\n<\/div><div class=\"cmt-sboxbox-col-wrapper col-lg-4 col-sm-6 col-md-4 col-xs-12 biberon\"><article class=\"cymolthemes-box cymolthemes-box-blog cymolthemes-blogbox-stylefive cymolthemes-blogbox-styleseven cymolthemes-blogbox-format- cmt-sboxno-featured-content\">\n\t<div class=\"post-item\">\n\t\t<div class=\"cymolthemes-box-content\">\n\t\t\t\t<div class=\"cmt-featured-outer-wrapper cmt-post-featured-outer-wrapper\">\n\t\t\t\t\t\t\n\t\t\t\t<\/div>\n\t\t\t\t<div class=\"cmt-box-above-meta cmt-section-wrapper\">\n\t\t\t\t\t<div class=\"cmt-entry-inner-meta cmt-section-wrapper-cell\">\n\t\t\t\t\t<div class=\"cmt-sboxentry-meta-wrapper\"><div class=\"entry-meta cmt-sboxentry-meta cmt-sboxentry-meta-blogbox\"><span class=\"cmt-meta-line byline\"><i class=\"fa fa-user cmt-hide\"><\/i><img alt='' src='https:\/\/secure.gravatar.com\/avatar\/ccf588cbd6c214f9b9f2f7d5f5b7aa82?s=32&#038;d=mm&#038;r=g' srcset='https:\/\/secure.gravatar.com\/avatar\/ccf588cbd6c214f9b9f2f7d5f5b7aa82?s=64&#038;d=mm&#038;r=g 2x' class='avatar avatar-32 photo' height='32' width='32' loading='lazy'\/><span class=\"author vcard\"><span class=\"screen-reader-text cmt-hide\">Author <\/span><a class=\"url fn n\" href=\"https:\/\/webdevconsulting.fr\/test4\/author\/stephane\/\">Stephane<\/a><\/span><\/span><span class=\"cmt-meta-line posted-on\"><i class=\"fa fa-calendar\"><\/i> <span class=\"screen-reader-text cmt-hide\">Posted on <\/span><a href=\"https:\/\/webdevconsulting.fr\/test4\/32574\/\" rel=\"bookmark\"><time class=\"entry-date published\" datetime=\"2025-07-05T19:31:22+02:00\">5 juillet 2025<\/time><time class=\"updated cmt-hide\" datetime=\"2025-07-05T19:31:26+02:00\">5 juillet 2025<\/time><\/a><\/span><\/div><\/div><\/div>\n\t\t\t\t\t<div class=\"cymolthemes-blogbox-footer-comment cmt-section-wrapper-cell\">\n\t\t\t\t\t\t\t\t\t\t\t\t\t\t <\/div>\n\t\t\t\t<\/div>\n\t\t\t    <div class=\"cymolthemes-box-desc\">\n\t\t\t\t\t<div class=\"cymolthemes-box-content-inner\">\n\t\t\t\t\t\t\t\t\t\t\t\t\t<div class=\"cmt-post-categories\"><span class=\"cmt-meta-line cat-links\"><span class=\"screen-reader-text cmt-hide\">Categories <\/span><a href=\"https:\/\/webdevconsulting.fr\/test4\/category\/biberon\/\">Solution<\/a><\/span><\/div>\n\t\t\t\t\t\t\t\t\t\t\t\t<div class=\"entry-header\">\n\t\t\t\t\t\t\t<div class=\"cymolthemes-box-title\"><h4><a href=\"https:\/\/webdevconsulting.fr\/test4\/32574\/\">&#8211; Geisha Gambling establishment GameSEED odds of winning mighty rex Contact Lens Singapore<\/a><\/h4><\/div>\t\n\t\t\t\t\t\t<\/div>\t\t\t\n\t\t\t\t\t<\/div>\t\t\t\t\t\n\t            <\/div>\n\t\t<\/div>\n\t<\/div>\n<\/article>\n<\/div><div class=\"cmt-sboxbox-col-wrapper col-lg-4 col-sm-6 col-md-4 col-xs-12 biberon\"><article class=\"cymolthemes-box cymolthemes-box-blog cymolthemes-blogbox-stylefive cymolthemes-blogbox-styleseven cymolthemes-blogbox-format- cmt-sboxno-featured-content\">\n\t<div class=\"post-item\">\n\t\t<div class=\"cymolthemes-box-content\">\n\t\t\t\t<div class=\"cmt-featured-outer-wrapper cmt-post-featured-outer-wrapper\">\n\t\t\t\t\t\t\n\t\t\t\t<\/div>\n\t\t\t\t<div class=\"cmt-box-above-meta cmt-section-wrapper\">\n\t\t\t\t\t<div class=\"cmt-entry-inner-meta cmt-section-wrapper-cell\">\n\t\t\t\t\t<div class=\"cmt-sboxentry-meta-wrapper\"><div class=\"entry-meta cmt-sboxentry-meta cmt-sboxentry-meta-blogbox\"><span class=\"cmt-meta-line byline\"><i class=\"fa fa-user cmt-hide\"><\/i><img alt='' src='https:\/\/secure.gravatar.com\/avatar\/ccf588cbd6c214f9b9f2f7d5f5b7aa82?s=32&#038;d=mm&#038;r=g' srcset='https:\/\/secure.gravatar.com\/avatar\/ccf588cbd6c214f9b9f2f7d5f5b7aa82?s=64&#038;d=mm&#038;r=g 2x' class='avatar avatar-32 photo' height='32' width='32' loading='lazy'\/><span class=\"author vcard\"><span class=\"screen-reader-text cmt-hide\">Author <\/span><a class=\"url fn n\" href=\"https:\/\/webdevconsulting.fr\/test4\/author\/stephane\/\">Stephane<\/a><\/span><\/span><span class=\"cmt-meta-line posted-on\"><i class=\"fa fa-calendar\"><\/i> <span class=\"screen-reader-text cmt-hide\">Posted on <\/span><a href=\"https:\/\/webdevconsulting.fr\/test4\/25579\/\" rel=\"bookmark\"><time class=\"entry-date published\" datetime=\"2025-06-24T23:53:36+02:00\">24 juin 2025<\/time><time class=\"updated cmt-hide\" datetime=\"2025-06-24T23:53:39+02:00\">24 juin 2025<\/time><\/a><\/span><\/div><\/div><\/div>\n\t\t\t\t\t<div class=\"cymolthemes-blogbox-footer-comment cmt-section-wrapper-cell\">\n\t\t\t\t\t\t\t\t\t\t\t\t\t\t <\/div>\n\t\t\t\t<\/div>\n\t\t\t    <div class=\"cymolthemes-box-desc\">\n\t\t\t\t\t<div class=\"cymolthemes-box-content-inner\">\n\t\t\t\t\t\t\t\t\t\t\t\t\t<div class=\"cmt-post-categories\"><span class=\"cmt-meta-line cat-links\"><span class=\"screen-reader-text cmt-hide\">Categories <\/span><a href=\"https:\/\/webdevconsulting.fr\/test4\/category\/biberon\/\">Solution<\/a><\/span><\/div>\n\t\t\t\t\t\t\t\t\t\t\t\t<div class=\"entry-header\">\n\t\t\t\t\t\t\t<div class=\"cymolthemes-box-title\"><h4><a href=\"https:\/\/webdevconsulting.fr\/test4\/25579\/\">!El patio n\u00famero uno de casino en internet!<\/a><\/h4><\/div>\t\n\t\t\t\t\t\t<\/div>\t\t\t\n\t\t\t\t\t<\/div>\t\t\t\t\t\n\t            <\/div>\n\t\t<\/div>\n\t<\/div>\n<\/article>\n<\/div><div class=\"cmt-sboxbox-col-wrapper col-lg-4 col-sm-6 col-md-4 col-xs-12 biberon\"><article class=\"cymolthemes-box cymolthemes-box-blog cymolthemes-blogbox-stylefive cymolthemes-blogbox-styleseven cymolthemes-blogbox-format- cmt-sboxno-featured-content\">\n\t<div class=\"post-item\">\n\t\t<div class=\"cymolthemes-box-content\">\n\t\t\t\t<div class=\"cmt-featured-outer-wrapper cmt-post-featured-outer-wrapper\">\n\t\t\t\t\t\t\n\t\t\t\t<\/div>\n\t\t\t\t<div class=\"cmt-box-above-meta cmt-section-wrapper\">\n\t\t\t\t\t<div class=\"cmt-entry-inner-meta cmt-section-wrapper-cell\">\n\t\t\t\t\t<div class=\"cmt-sboxentry-meta-wrapper\"><div class=\"entry-meta cmt-sboxentry-meta cmt-sboxentry-meta-blogbox\"><span class=\"cmt-meta-line byline\"><i class=\"fa fa-user cmt-hide\"><\/i><img alt='' src='https:\/\/secure.gravatar.com\/avatar\/ccf588cbd6c214f9b9f2f7d5f5b7aa82?s=32&#038;d=mm&#038;r=g' srcset='https:\/\/secure.gravatar.com\/avatar\/ccf588cbd6c214f9b9f2f7d5f5b7aa82?s=64&#038;d=mm&#038;r=g 2x' class='avatar avatar-32 photo' height='32' width='32' loading='lazy'\/><span class=\"author vcard\"><span class=\"screen-reader-text cmt-hide\">Author <\/span><a class=\"url fn n\" href=\"https:\/\/webdevconsulting.fr\/test4\/author\/stephane\/\">Stephane<\/a><\/span><\/span><span class=\"cmt-meta-line posted-on\"><i class=\"fa fa-calendar\"><\/i> <span class=\"screen-reader-text cmt-hide\">Posted on <\/span><a href=\"https:\/\/webdevconsulting.fr\/test4\/43875\/\" rel=\"bookmark\"><time class=\"entry-date published updated\" datetime=\"2025-07-13T15:17:08+02:00\">13 juillet 2025<\/time><\/a><\/span><\/div><\/div><\/div>\n\t\t\t\t\t<div class=\"cymolthemes-blogbox-footer-comment cmt-section-wrapper-cell\">\n\t\t\t\t\t\t\t\t\t\t\t\t\t\t <\/div>\n\t\t\t\t<\/div>\n\t\t\t    <div class=\"cymolthemes-box-desc\">\n\t\t\t\t\t<div class=\"cymolthemes-box-content-inner\">\n\t\t\t\t\t\t\t\t\t\t\t\t\t<div class=\"cmt-post-categories\"><span class=\"cmt-meta-line cat-links\"><span class=\"screen-reader-text cmt-hide\">Categories <\/span><a href=\"https:\/\/webdevconsulting.fr\/test4\/category\/biberon\/\">Solution<\/a><\/span><\/div>\n\t\t\t\t\t\t\t\t\t\t\t\t<div class=\"entry-header\">\n\t\t\t\t\t\t\t<div class=\"cymolthemes-box-title\"><h4><a href=\"https:\/\/webdevconsulting.fr\/test4\/43875\/\">\u00a11 000+ MAQUINAS TRAGAMONEDAS\u00a0Online\u00a0GRATIS\u00a0sin\u00a0Descarga!<\/a><\/h4><\/div>\t\n\t\t\t\t\t\t<\/div>\t\t\t\n\t\t\t\t\t<\/div>\t\t\t\t\t\n\t            <\/div>\n\t\t<\/div>\n\t<\/div>\n<\/article>\n<\/div><div class=\"cmt-sboxbox-col-wrapper col-lg-4 col-sm-6 col-md-4 col-xs-12 biberon\"><article class=\"cymolthemes-box cymolthemes-box-blog cymolthemes-blogbox-stylefive cymolthemes-blogbox-styleseven cymolthemes-blogbox-format- cmt-sboxno-featured-content\">\n\t<div class=\"post-item\">\n\t\t<div class=\"cymolthemes-box-content\">\n\t\t\t\t<div class=\"cmt-featured-outer-wrapper cmt-post-featured-outer-wrapper\">\n\t\t\t\t\t\t\n\t\t\t\t<\/div>\n\t\t\t\t<div class=\"cmt-box-above-meta cmt-section-wrapper\">\n\t\t\t\t\t<div class=\"cmt-entry-inner-meta cmt-section-wrapper-cell\">\n\t\t\t\t\t<div class=\"cmt-sboxentry-meta-wrapper\"><div class=\"entry-meta cmt-sboxentry-meta cmt-sboxentry-meta-blogbox\"><span class=\"cmt-meta-line byline\"><i class=\"fa fa-user cmt-hide\"><\/i><img alt='' src='https:\/\/secure.gravatar.com\/avatar\/ccf588cbd6c214f9b9f2f7d5f5b7aa82?s=32&#038;d=mm&#038;r=g' srcset='https:\/\/secure.gravatar.com\/avatar\/ccf588cbd6c214f9b9f2f7d5f5b7aa82?s=64&#038;d=mm&#038;r=g 2x' class='avatar avatar-32 photo' height='32' width='32' loading='lazy'\/><span class=\"author vcard\"><span class=\"screen-reader-text cmt-hide\">Author <\/span><a class=\"url fn n\" href=\"https:\/\/webdevconsulting.fr\/test4\/author\/stephane\/\">Stephane<\/a><\/span><\/span><span class=\"cmt-meta-line posted-on\"><i class=\"fa fa-calendar\"><\/i> <span class=\"screen-reader-text cmt-hide\">Posted on <\/span><a href=\"https:\/\/webdevconsulting.fr\/test4\/11364\/\" rel=\"bookmark\"><time class=\"entry-date published\" datetime=\"2025-06-08T01:32:55+02:00\">8 juin 2025<\/time><time class=\"updated cmt-hide\" datetime=\"2025-06-08T01:32:56+02:00\">8 juin 2025<\/time><\/a><\/span><\/div><\/div><\/div>\n\t\t\t\t\t<div class=\"cymolthemes-blogbox-footer-comment cmt-section-wrapper-cell\">\n\t\t\t\t\t\t\t\t\t\t\t\t\t\t <\/div>\n\t\t\t\t<\/div>\n\t\t\t    <div class=\"cymolthemes-box-desc\">\n\t\t\t\t\t<div class=\"cymolthemes-box-content-inner\">\n\t\t\t\t\t\t\t\t\t\t\t\t\t<div class=\"cmt-post-categories\"><span class=\"cmt-meta-line cat-links\"><span class=\"screen-reader-text cmt-hide\">Categories <\/span><a href=\"https:\/\/webdevconsulting.fr\/test4\/category\/biberon\/\">Solution<\/a><\/span><\/div>\n\t\t\t\t\t\t\t\t\t\t\t\t<div class=\"entry-header\">\n\t\t\t\t\t\t\t<div class=\"cymolthemes-box-title\"><h4><a href=\"https:\/\/webdevconsulting.fr\/test4\/11364\/\">\u00a1El conveniente casino en l\u00ednea novomatic juegos en l\u00ednea LATAM EnergyCasino! Bono 100% hasta $doscientos<\/a><\/h4><\/div>\t\n\t\t\t\t\t\t<\/div>\t\t\t\n\t\t\t\t\t<\/div>\t\t\t\t\t\n\t            <\/div>\n\t\t<\/div>\n\t<\/div>\n<\/article>\n<\/div>\n\t\t\t<\/div>\n\t\t<\/div><!-- .cymolthemes-boxes-inner -->   <\/div><!-- .cymolthemes-boxes -->  [\/vc_column][\/vc_row]<\/p>\n","protected":false},"excerpt":{"rendered":"<p>[vc_row][vc_column][\/vc_column][\/vc_row]<\/p>\n","protected":false},"author":1,"featured_media":0,"parent":0,"menu_order":0,"comment_status":"closed","ping_status":"closed","template":"","meta":[],"yoast_head":"<!-- This site is optimized with the Yoast SEO plugin v18.9 - https:\/\/yoast.com\/wordpress\/plugins\/seo\/ -->\n<title>Blog - Smart BIB<\/title>\n<meta name=\"robots\" content=\"index, follow, max-snippet:-1, max-image-preview:large, max-video-preview:-1\" \/>\n<link rel=\"canonical\" href=\"https:\/\/webdevconsulting.fr\/test4\/cart\/\" \/>\n<meta property=\"og:locale\" content=\"fr_FR\" \/>\n<meta property=\"og:type\" content=\"article\" \/>\n<meta property=\"og:title\" content=\"Blog - Smart BIB\" \/>\n<meta property=\"og:description\" content=\"[vc_row][vc_column][\/vc_column][\/vc_row]\" \/>\n<meta property=\"og:url\" content=\"https:\/\/webdevconsulting.fr\/test4\/cart\/\" \/>\n<meta property=\"og:site_name\" content=\"Smart BIB\" \/>\n<meta property=\"article:modified_time\" content=\"2022-06-13T08:10:16+00:00\" \/>\n<meta name=\"twitter:card\" content=\"summary_large_image\" \/>\n<script type=\"application\/ld+json\" class=\"yoast-schema-graph\">{\"@context\":\"https:\/\/schema.org\",\"@graph\":[{\"@type\":\"WebSite\",\"@id\":\"https:\/\/webdevconsulting.fr\/test4\/#website\",\"url\":\"https:\/\/webdevconsulting.fr\/test4\/\",\"name\":\"Smart BIB\",\"description\":\"Un site utilisant WordPress\",\"potentialAction\":[{\"@type\":\"SearchAction\",\"target\":{\"@type\":\"EntryPoint\",\"urlTemplate\":\"https:\/\/webdevconsulting.fr\/test4\/?s={search_term_string}\"},\"query-input\":\"required name=search_term_string\"}],\"inLanguage\":\"fr-FR\"},{\"@type\":\"WebPage\",\"@id\":\"https:\/\/webdevconsulting.fr\/test4\/cart\/#webpage\",\"url\":\"https:\/\/webdevconsulting.fr\/test4\/cart\/\",\"name\":\"Blog - Smart BIB\",\"isPartOf\":{\"@id\":\"https:\/\/webdevconsulting.fr\/test4\/#website\"},\"datePublished\":\"2021-01-27T09:32:30+00:00\",\"dateModified\":\"2022-06-13T08:10:16+00:00\",\"breadcrumb\":{\"@id\":\"https:\/\/webdevconsulting.fr\/test4\/cart\/#breadcrumb\"},\"inLanguage\":\"fr-FR\",\"potentialAction\":[{\"@type\":\"ReadAction\",\"target\":[\"https:\/\/webdevconsulting.fr\/test4\/cart\/\"]}]},{\"@type\":\"BreadcrumbList\",\"@id\":\"https:\/\/webdevconsulting.fr\/test4\/cart\/#breadcrumb\",\"itemListElement\":[{\"@type\":\"ListItem\",\"position\":1,\"name\":\"Accueil\",\"item\":\"https:\/\/webdevconsulting.fr\/test4\/\"},{\"@type\":\"ListItem\",\"position\":2,\"name\":\"Blog\"}]}]}<\/script>\n<!-- \/ Yoast SEO plugin. -->","yoast_head_json":{"title":"Blog - Smart BIB","robots":{"index":"index","follow":"follow","max-snippet":"max-snippet:-1","max-image-preview":"max-image-preview:large","max-video-preview":"max-video-preview:-1"},"canonical":"https:\/\/webdevconsulting.fr\/test4\/cart\/","og_locale":"fr_FR","og_type":"article","og_title":"Blog - Smart BIB","og_description":"[vc_row][vc_column][\/vc_column][\/vc_row]","og_url":"https:\/\/webdevconsulting.fr\/test4\/cart\/","og_site_name":"Smart BIB","article_modified_time":"2022-06-13T08:10:16+00:00","twitter_card":"summary_large_image","schema":{"@context":"https:\/\/schema.org","@graph":[{"@type":"WebSite","@id":"https:\/\/webdevconsulting.fr\/test4\/#website","url":"https:\/\/webdevconsulting.fr\/test4\/","name":"Smart BIB","description":"Un site utilisant WordPress","potentialAction":[{"@type":"SearchAction","target":{"@type":"EntryPoint","urlTemplate":"https:\/\/webdevconsulting.fr\/test4\/?s={search_term_string}"},"query-input":"required name=search_term_string"}],"inLanguage":"fr-FR"},{"@type":"WebPage","@id":"https:\/\/webdevconsulting.fr\/test4\/cart\/#webpage","url":"https:\/\/webdevconsulting.fr\/test4\/cart\/","name":"Blog - Smart BIB","isPartOf":{"@id":"https:\/\/webdevconsulting.fr\/test4\/#website"},"datePublished":"2021-01-27T09:32:30+00:00","dateModified":"2022-06-13T08:10:16+00:00","breadcrumb":{"@id":"https:\/\/webdevconsulting.fr\/test4\/cart\/#breadcrumb"},"inLanguage":"fr-FR","potentialAction":[{"@type":"ReadAction","target":["https:\/\/webdevconsulting.fr\/test4\/cart\/"]}]},{"@type":"BreadcrumbList","@id":"https:\/\/webdevconsulting.fr\/test4\/cart\/#breadcrumb","itemListElement":[{"@type":"ListItem","position":1,"name":"Accueil","item":"https:\/\/webdevconsulting.fr\/test4\/"},{"@type":"ListItem","position":2,"name":"Blog"}]}]}},"_links":{"self":[{"href":"https:\/\/webdevconsulting.fr\/test4\/wp-json\/wp\/v2\/pages\/1477"}],"collection":[{"href":"https:\/\/webdevconsulting.fr\/test4\/wp-json\/wp\/v2\/pages"}],"about":[{"href":"https:\/\/webdevconsulting.fr\/test4\/wp-json\/wp\/v2\/types\/page"}],"author":[{"embeddable":true,"href":"https:\/\/webdevconsulting.fr\/test4\/wp-json\/wp\/v2\/users\/1"}],"replies":[{"embeddable":true,"href":"https:\/\/webdevconsulting.fr\/test4\/wp-json\/wp\/v2\/comments?post=1477"}],"version-history":[{"count":4,"href":"https:\/\/webdevconsulting.fr\/test4\/wp-json\/wp\/v2\/pages\/1477\/revisions"}],"predecessor-version":[{"id":2153,"href":"https:\/\/webdevconsulting.fr\/test4\/wp-json\/wp\/v2\/pages\/1477\/revisions\/2153"}],"wp:attachment":[{"href":"https:\/\/webdevconsulting.fr\/test4\/wp-json\/wp\/v2\/media?parent=1477"}],"curies":[{"name":"wp","href":"https:\/\/api.w.org\/{rel}","templated":true}]}}