{"id":672,"date":"2020-10-22T11:06:54","date_gmt":"2020-10-22T11:06:54","guid":{"rendered":"https:\/\/mrhandy.cymolthemes.com\/cleaning\/?page_id=672"},"modified":"2020-10-22T11:06:54","modified_gmt":"2020-10-22T11:06:54","slug":"blog-grid-view","status":"publish","type":"page","link":"https:\/\/webdevconsulting.fr\/test4\/blog-grid-view\/","title":{"rendered":"Blog Grid View"},"content":{"rendered":"<p>[vc_row cmt_bgimagefixed=\u00a0\u00bb\u00a0\u00bb full_width=\u00a0\u00bbstretch_row\u00a0\u00bb css=\u00a0\u00bb.vc_custom_1611917066252{padding-top: 80px !important;padding-bottom: 70px !important;}\u00a0\u00bb][vc_column]<div class=\"cymolthemes-boxes cymolthemes-boxes-blog cymolthemes-boxes-view-default cymolthemes-boxes-col-three cymolthemes-boxes-sortable-no cymolthemes-boxes-textalign-center cmt-sboxcta3-rev-heading\">\n\t\t<div class=\"cymolthemes-boxes-inner cymolthemes-boxes-blog-inner \">\n\t\t\t\n\t\t\t<div class=\"row multi-columns-row cymolthemes-boxes-row-wrapper\">\n\t\t\t\t<div class=\"cmt-sboxbox-col-wrapper col-lg-4 col-sm-6 col-md-4 col-xs-12 biberon\"><article class=\"cymolthemes-box cymolthemes-box-blog cymolthemes-blogbox-stylefive cymolthemes-blogbox-format- cmt-sboxno-featured-content\">\n\t<div class=\"post-item\">\n\t\t<div class=\"cymolthemes-box-content\">\n\t\t\t\t<div class=\"cmt-featured-outer-wrapper cmt-post-featured-outer-wrapper\">\n\t\t\t\t\t\t\n\t\t\t\t<\/div>\n\t\t\t    <div class=\"cymolthemes-box-desc\">\n\t\t\t\t\t<div class=\"cymolthemes-box-content-inner\">\n\t\t\t\t\t\t\t\t\t\t\t\t\t<div class=\"cmt-post-categories\"><span class=\"cmt-meta-line cat-links\"><span class=\"screen-reader-text cmt-hide\">Categories <\/span><a href=\"https:\/\/webdevconsulting.fr\/test4\/category\/biberon\/\">Solution<\/a><\/span><\/div>\n\t\t\t\t\t\t\t\t\t\t\t\t<div class=\"entry-header\">\n\t\t\t\t\t\t\t<div class=\"cymolthemes-box-title\"><h4><a href=\"https:\/\/webdevconsulting.fr\/test4\/56204\/\">100 Kostenlose Spins Kein Einzahlungscasino Villa30 K\u00fcnstlerwerkstatt<\/a><\/h4><\/div>\t\n\t\t\t\t\t\t\t<div class=\"cmt-sboxentry-meta-wrapper\"><div class=\"entry-meta cmt-sboxentry-meta cmt-sboxentry-meta-blogbox\"><span class=\"cmt-meta-line byline\"><i class=\"fa fa-user cmt-hide\"><\/i><img alt='' src='https:\/\/secure.gravatar.com\/avatar\/ccf588cbd6c214f9b9f2f7d5f5b7aa82?s=32&#038;d=mm&#038;r=g' srcset='https:\/\/secure.gravatar.com\/avatar\/ccf588cbd6c214f9b9f2f7d5f5b7aa82?s=64&#038;d=mm&#038;r=g 2x' class='avatar avatar-32 photo' height='32' width='32' loading='lazy'\/><span class=\"author vcard\"><span class=\"screen-reader-text cmt-hide\">Author <\/span><a class=\"url fn n\" href=\"https:\/\/webdevconsulting.fr\/test4\/author\/stephane\/\">Stephane<\/a><\/span><\/span><span class=\"cmt-meta-line posted-on\"><i class=\"fa fa-calendar\"><\/i> <span class=\"screen-reader-text cmt-hide\">Posted on <\/span><a href=\"https:\/\/webdevconsulting.fr\/test4\/56204\/\" rel=\"bookmark\"><time class=\"entry-date published updated\" datetime=\"2025-07-24T02:24:43+02:00\">24 juillet 2025<\/time><\/a><\/span><\/div><\/div>\t\t\t\t\t\t<\/div>\t\t\t\n\t\t\t\t\t<\/div>\t\t\t\t\t\n\t            <\/div>\n\t\t<\/div>\n\t<\/div>\n<\/article>\n<\/div><div class=\"cmt-sboxbox-col-wrapper col-lg-4 col-sm-6 col-md-4 col-xs-12 biberon\"><article class=\"cymolthemes-box cymolthemes-box-blog cymolthemes-blogbox-stylefive cymolthemes-blogbox-format- cmt-sboxno-featured-content\">\n\t<div class=\"post-item\">\n\t\t<div class=\"cymolthemes-box-content\">\n\t\t\t\t<div class=\"cmt-featured-outer-wrapper cmt-post-featured-outer-wrapper\">\n\t\t\t\t\t\t\n\t\t\t\t<\/div>\n\t\t\t    <div class=\"cymolthemes-box-desc\">\n\t\t\t\t\t<div class=\"cymolthemes-box-content-inner\">\n\t\t\t\t\t\t\t\t\t\t\t\t\t<div class=\"cmt-post-categories\"><span class=\"cmt-meta-line cat-links\"><span class=\"screen-reader-text cmt-hide\">Categories <\/span><a href=\"https:\/\/webdevconsulting.fr\/test4\/category\/biberon\/\">Solution<\/a><\/span><\/div>\n\t\t\t\t\t\t\t\t\t\t\t\t<div class=\"entry-header\">\n\t\t\t\t\t\t\t<div class=\"cymolthemes-box-title\"><h4><a href=\"https:\/\/webdevconsulting.fr\/test4\/56202\/\">Recension bor Raging Bull Lystslot: Spil Vederlagsfri &#038; sikken Rigtige trinocasino gratis spins Penge Idr\u00e6tsgren, Bonusser, RTP<\/a><\/h4><\/div>\t\n\t\t\t\t\t\t\t<div class=\"cmt-sboxentry-meta-wrapper\"><div class=\"entry-meta cmt-sboxentry-meta cmt-sboxentry-meta-blogbox\"><span class=\"cmt-meta-line byline\"><i class=\"fa fa-user cmt-hide\"><\/i><img alt='' src='https:\/\/secure.gravatar.com\/avatar\/ccf588cbd6c214f9b9f2f7d5f5b7aa82?s=32&#038;d=mm&#038;r=g' srcset='https:\/\/secure.gravatar.com\/avatar\/ccf588cbd6c214f9b9f2f7d5f5b7aa82?s=64&#038;d=mm&#038;r=g 2x' class='avatar avatar-32 photo' height='32' width='32' loading='lazy'\/><span class=\"author vcard\"><span class=\"screen-reader-text cmt-hide\">Author <\/span><a class=\"url fn n\" href=\"https:\/\/webdevconsulting.fr\/test4\/author\/stephane\/\">Stephane<\/a><\/span><\/span><span class=\"cmt-meta-line posted-on\"><i class=\"fa fa-calendar\"><\/i> <span class=\"screen-reader-text cmt-hide\">Posted on <\/span><a href=\"https:\/\/webdevconsulting.fr\/test4\/56202\/\" rel=\"bookmark\"><time class=\"entry-date published\" datetime=\"2025-07-24T02:21:18+02:00\">24 juillet 2025<\/time><time class=\"updated cmt-hide\" datetime=\"2025-07-24T02:21:19+02:00\">24 juillet 2025<\/time><\/a><\/span><\/div><\/div>\t\t\t\t\t\t<\/div>\t\t\t\n\t\t\t\t\t<\/div>\t\t\t\t\t\n\t            <\/div>\n\t\t<\/div>\n\t<\/div>\n<\/article>\n<\/div><div class=\"cmt-sboxbox-col-wrapper col-lg-4 col-sm-6 col-md-4 col-xs-12 biberon\"><article class=\"cymolthemes-box cymolthemes-box-blog cymolthemes-blogbox-stylefive cymolthemes-blogbox-format- cmt-sboxno-featured-content\">\n\t<div class=\"post-item\">\n\t\t<div class=\"cymolthemes-box-content\">\n\t\t\t\t<div class=\"cmt-featured-outer-wrapper cmt-post-featured-outer-wrapper\">\n\t\t\t\t\t\t\n\t\t\t\t<\/div>\n\t\t\t    <div class=\"cymolthemes-box-desc\">\n\t\t\t\t\t<div class=\"cymolthemes-box-content-inner\">\n\t\t\t\t\t\t\t\t\t\t\t\t\t<div class=\"cmt-post-categories\"><span class=\"cmt-meta-line cat-links\"><span class=\"screen-reader-text cmt-hide\">Categories <\/span><a href=\"https:\/\/webdevconsulting.fr\/test4\/category\/biberon\/\">Solution<\/a><\/span><\/div>\n\t\t\t\t\t\t\t\t\t\t\t\t<div class=\"entry-header\">\n\t\t\t\t\t\t\t<div class=\"cymolthemes-box-title\"><h4><a href=\"https:\/\/webdevconsulting.fr\/test4\/56194\/\">\u0160ventykla i\u0161 \u201eLuxor Slot\u201c pastabos 2025 m.<\/a><\/h4><\/div>\t\n\t\t\t\t\t\t\t<div class=\"cmt-sboxentry-meta-wrapper\"><div class=\"entry-meta cmt-sboxentry-meta cmt-sboxentry-meta-blogbox\"><span class=\"cmt-meta-line byline\"><i class=\"fa fa-user cmt-hide\"><\/i><img alt='' src='https:\/\/secure.gravatar.com\/avatar\/ccf588cbd6c214f9b9f2f7d5f5b7aa82?s=32&#038;d=mm&#038;r=g' srcset='https:\/\/secure.gravatar.com\/avatar\/ccf588cbd6c214f9b9f2f7d5f5b7aa82?s=64&#038;d=mm&#038;r=g 2x' class='avatar avatar-32 photo' height='32' width='32' loading='lazy'\/><span class=\"author vcard\"><span class=\"screen-reader-text cmt-hide\">Author <\/span><a class=\"url fn n\" href=\"https:\/\/webdevconsulting.fr\/test4\/author\/stephane\/\">Stephane<\/a><\/span><\/span><span class=\"cmt-meta-line posted-on\"><i class=\"fa fa-calendar\"><\/i> <span class=\"screen-reader-text cmt-hide\">Posted on <\/span><a href=\"https:\/\/webdevconsulting.fr\/test4\/56194\/\" rel=\"bookmark\"><time class=\"entry-date published\" datetime=\"2025-07-24T01:12:46+02:00\">24 juillet 2025<\/time><time class=\"updated cmt-hide\" datetime=\"2025-07-24T01:12:47+02:00\">24 juillet 2025<\/time><\/a><\/span><\/div><\/div>\t\t\t\t\t\t<\/div>\t\t\t\n\t\t\t\t\t<\/div>\t\t\t\t\t\n\t            <\/div>\n\t\t<\/div>\n\t<\/div>\n<\/article>\n<\/div><div class=\"cmt-sboxbox-col-wrapper col-lg-4 col-sm-6 col-md-4 col-xs-12 post\"><article class=\"cymolthemes-box cymolthemes-box-blog cymolthemes-blogbox-stylefive cymolthemes-blogbox-format- cmt-sboxno-featured-content\">\n\t<div class=\"post-item\">\n\t\t<div class=\"cymolthemes-box-content\">\n\t\t\t\t<div class=\"cmt-featured-outer-wrapper cmt-post-featured-outer-wrapper\">\n\t\t\t\t\t\t\n\t\t\t\t<\/div>\n\t\t\t    <div class=\"cymolthemes-box-desc\">\n\t\t\t\t\t<div class=\"cymolthemes-box-content-inner\">\n\t\t\t\t\t\t\t\t\t\t\t\t\t<div class=\"cmt-post-categories\"><span class=\"cmt-meta-line cat-links\"><span class=\"screen-reader-text cmt-hide\">Categories <\/span><a href=\"https:\/\/webdevconsulting.fr\/test4\/category\/post\/\">Post<\/a><\/span><\/div>\n\t\t\t\t\t\t\t\t\t\t\t\t<div class=\"entry-header\">\n\t\t\t\t\t\t\t<div class=\"cymolthemes-box-title\"><h4><a href=\"https:\/\/webdevconsulting.fr\/test4\/56192\/\">Neue Wege zum Gewinn Spannung und Emotionen im Bereich sportwetten erleben.<\/a><\/h4><\/div>\t\n\t\t\t\t\t\t\t<div class=\"cmt-sboxentry-meta-wrapper\"><div class=\"entry-meta cmt-sboxentry-meta cmt-sboxentry-meta-blogbox\"><span class=\"cmt-meta-line byline\"><i class=\"fa fa-user cmt-hide\"><\/i><img alt='' src='https:\/\/secure.gravatar.com\/avatar\/ccf588cbd6c214f9b9f2f7d5f5b7aa82?s=32&#038;d=mm&#038;r=g' srcset='https:\/\/secure.gravatar.com\/avatar\/ccf588cbd6c214f9b9f2f7d5f5b7aa82?s=64&#038;d=mm&#038;r=g 2x' class='avatar avatar-32 photo' height='32' width='32' loading='lazy'\/><span class=\"author vcard\"><span class=\"screen-reader-text cmt-hide\">Author <\/span><a class=\"url fn n\" href=\"https:\/\/webdevconsulting.fr\/test4\/author\/stephane\/\">Stephane<\/a><\/span><\/span><span class=\"cmt-meta-line posted-on\"><i class=\"fa fa-calendar\"><\/i> <span class=\"screen-reader-text cmt-hide\">Posted on <\/span><a href=\"https:\/\/webdevconsulting.fr\/test4\/56192\/\" rel=\"bookmark\"><time class=\"entry-date published\" datetime=\"2025-07-24T00:53:43+02:00\">24 juillet 2025<\/time><time class=\"updated cmt-hide\" datetime=\"2025-07-24T00:53:46+02:00\">24 juillet 2025<\/time><\/a><\/span><\/div><\/div>\t\t\t\t\t\t<\/div>\t\t\t\n\t\t\t\t\t<\/div>\t\t\t\t\t\n\t            <\/div>\n\t\t<\/div>\n\t<\/div>\n<\/article>\n<\/div><div class=\"cmt-sboxbox-col-wrapper col-lg-4 col-sm-6 col-md-4 col-xs-12 biberon\"><article class=\"cymolthemes-box cymolthemes-box-blog cymolthemes-blogbox-stylefive cymolthemes-blogbox-format- cmt-sboxno-featured-content\">\n\t<div class=\"post-item\">\n\t\t<div class=\"cymolthemes-box-content\">\n\t\t\t\t<div class=\"cmt-featured-outer-wrapper cmt-post-featured-outer-wrapper\">\n\t\t\t\t\t\t\n\t\t\t\t<\/div>\n\t\t\t    <div class=\"cymolthemes-box-desc\">\n\t\t\t\t\t<div class=\"cymolthemes-box-content-inner\">\n\t\t\t\t\t\t\t\t\t\t\t\t\t<div class=\"cmt-post-categories\"><span class=\"cmt-meta-line cat-links\"><span class=\"screen-reader-text cmt-hide\">Categories <\/span><a href=\"https:\/\/webdevconsulting.fr\/test4\/category\/biberon\/\">Solution<\/a><\/span><\/div>\n\t\t\t\t\t\t\t\t\t\t\t\t<div class=\"entry-header\">\n\t\t\t\t\t\t\t<div class=\"cymolthemes-box-title\"><h4><a href=\"https:\/\/webdevconsulting.fr\/test4\/56190\/\">The best eCheck Casinos on the internet in the 2025<\/a><\/h4><\/div>\t\n\t\t\t\t\t\t\t<div class=\"cmt-sboxentry-meta-wrapper\"><div class=\"entry-meta cmt-sboxentry-meta cmt-sboxentry-meta-blogbox\"><span class=\"cmt-meta-line byline\"><i class=\"fa fa-user cmt-hide\"><\/i><img alt='' src='https:\/\/secure.gravatar.com\/avatar\/ccf588cbd6c214f9b9f2f7d5f5b7aa82?s=32&#038;d=mm&#038;r=g' srcset='https:\/\/secure.gravatar.com\/avatar\/ccf588cbd6c214f9b9f2f7d5f5b7aa82?s=64&#038;d=mm&#038;r=g 2x' class='avatar avatar-32 photo' height='32' width='32' loading='lazy'\/><span class=\"author vcard\"><span class=\"screen-reader-text cmt-hide\">Author <\/span><a class=\"url fn n\" href=\"https:\/\/webdevconsulting.fr\/test4\/author\/stephane\/\">Stephane<\/a><\/span><\/span><span class=\"cmt-meta-line posted-on\"><i class=\"fa fa-calendar\"><\/i> <span class=\"screen-reader-text cmt-hide\">Posted on <\/span><a href=\"https:\/\/webdevconsulting.fr\/test4\/56190\/\" rel=\"bookmark\"><time class=\"entry-date published\" datetime=\"2025-07-24T00:45:02+02:00\">24 juillet 2025<\/time><time class=\"updated cmt-hide\" datetime=\"2025-07-24T00:45:03+02:00\">24 juillet 2025<\/time><\/a><\/span><\/div><\/div>\t\t\t\t\t\t<\/div>\t\t\t\n\t\t\t\t\t<\/div>\t\t\t\t\t\n\t            <\/div>\n\t\t<\/div>\n\t<\/div>\n<\/article>\n<\/div><div class=\"cmt-sboxbox-col-wrapper col-lg-4 col-sm-6 col-md-4 col-xs-12 news\"><article class=\"cymolthemes-box cymolthemes-box-blog cymolthemes-blogbox-stylefive cymolthemes-blogbox-format- cmt-sboxno-featured-content\">\n\t<div class=\"post-item\">\n\t\t<div class=\"cymolthemes-box-content\">\n\t\t\t\t<div class=\"cmt-featured-outer-wrapper cmt-post-featured-outer-wrapper\">\n\t\t\t\t\t\t\n\t\t\t\t<\/div>\n\t\t\t    <div class=\"cymolthemes-box-desc\">\n\t\t\t\t\t<div class=\"cymolthemes-box-content-inner\">\n\t\t\t\t\t\t\t\t\t\t\t\t\t<div class=\"cmt-post-categories\"><span class=\"cmt-meta-line cat-links\"><span class=\"screen-reader-text cmt-hide\">Categories <\/span><a href=\"https:\/\/webdevconsulting.fr\/test4\/category\/news\/\">news<\/a><\/span><\/div>\n\t\t\t\t\t\t\t\t\t\t\t\t<div class=\"entry-header\">\n\t\t\t\t\t\t\t<div class=\"cymolthemes-box-title\"><h4><a href=\"https:\/\/webdevconsulting.fr\/test4\/56180\/\">Lisansl\u0131 Casino Siteleri: 2025 Y\u0131l\u0131nda G\u00fcvenilir Oyun Deneyimi \u0130\u00e7in Kapsaml\u0131 Rehber G\u00fcncel Giri\u015f Adresleri<\/a><\/h4><\/div>\t\n\t\t\t\t\t\t\t<div class=\"cmt-sboxentry-meta-wrapper\"><div class=\"entry-meta cmt-sboxentry-meta cmt-sboxentry-meta-blogbox\"><span class=\"cmt-meta-line byline\"><i class=\"fa fa-user cmt-hide\"><\/i><img alt='' src='https:\/\/secure.gravatar.com\/avatar\/ccf588cbd6c214f9b9f2f7d5f5b7aa82?s=32&#038;d=mm&#038;r=g' srcset='https:\/\/secure.gravatar.com\/avatar\/ccf588cbd6c214f9b9f2f7d5f5b7aa82?s=64&#038;d=mm&#038;r=g 2x' class='avatar avatar-32 photo' height='32' width='32' loading='lazy'\/><span class=\"author vcard\"><span class=\"screen-reader-text cmt-hide\">Author <\/span><a class=\"url fn n\" href=\"https:\/\/webdevconsulting.fr\/test4\/author\/stephane\/\">Stephane<\/a><\/span><\/span><span class=\"cmt-meta-line posted-on\"><i class=\"fa fa-calendar\"><\/i> <span class=\"screen-reader-text cmt-hide\">Posted on <\/span><a href=\"https:\/\/webdevconsulting.fr\/test4\/56180\/\" rel=\"bookmark\"><time class=\"entry-date published\" datetime=\"2025-07-23T23:12:47+02:00\">23 juillet 2025<\/time><time class=\"updated cmt-hide\" datetime=\"2025-07-23T23:32:55+02:00\">23 juillet 2025<\/time><\/a><\/span><\/div><\/div>\t\t\t\t\t\t<\/div>\t\t\t\n\t\t\t\t\t<\/div>\t\t\t\t\t\n\t            <\/div>\n\t\t<\/div>\n\t<\/div>\n<\/article>\n<\/div>\n\t\t\t<\/div>\n\t\t<\/div><!-- .cymolthemes-boxes-inner -->   <\/div><!-- .cymolthemes-boxes -->  [\/vc_column][\/vc_row]<\/p>\n","protected":false},"excerpt":{"rendered":"<p>[vc_row cmt_bgimagefixed=\u00a0\u00bb\u00a0\u00bb full_width=\u00a0\u00bbstretch_row\u00a0\u00bb css=\u00a0\u00bb.vc_custom_1611917066252{padding-top: 80px !important;padding-bottom: 70px !important;}\u00a0\u00bb][vc_column][\/vc_column][\/vc_row]<\/p>\n","protected":false},"author":1,"featured_media":0,"parent":0,"menu_order":0,"comment_status":"closed","ping_status":"closed","template":"","meta":[],"yoast_head":"<!-- This site is optimized with the Yoast SEO plugin v18.9 - https:\/\/yoast.com\/wordpress\/plugins\/seo\/ -->\n<title>Blog Grid View - Smart BIB<\/title>\n<meta name=\"robots\" content=\"index, follow, max-snippet:-1, max-image-preview:large, max-video-preview:-1\" \/>\n<link rel=\"canonical\" href=\"https:\/\/webdevconsulting.fr\/test4\/blog-grid-view\/\" \/>\n<meta property=\"og:locale\" content=\"fr_FR\" \/>\n<meta property=\"og:type\" content=\"article\" \/>\n<meta property=\"og:title\" content=\"Blog Grid View - Smart BIB\" \/>\n<meta property=\"og:description\" content=\"[vc_row cmt_bgimagefixed=\u00a0\u00bb\u00a0\u00bb full_width=\u00a0\u00bbstretch_row\u00a0\u00bb css=\u00a0\u00bb.vc_custom_1611917066252{padding-top: 80px !important;padding-bottom: 70px !important;}\u00a0\u00bb][vc_column][\/vc_column][\/vc_row]\" \/>\n<meta property=\"og:url\" content=\"https:\/\/webdevconsulting.fr\/test4\/blog-grid-view\/\" \/>\n<meta property=\"og:site_name\" content=\"Smart BIB\" \/>\n<meta name=\"twitter:card\" content=\"summary_large_image\" \/>\n<script type=\"application\/ld+json\" class=\"yoast-schema-graph\">{\"@context\":\"https:\/\/schema.org\",\"@graph\":[{\"@type\":\"WebSite\",\"@id\":\"https:\/\/webdevconsulting.fr\/test4\/#website\",\"url\":\"https:\/\/webdevconsulting.fr\/test4\/\",\"name\":\"Smart BIB\",\"description\":\"Un site utilisant WordPress\",\"potentialAction\":[{\"@type\":\"SearchAction\",\"target\":{\"@type\":\"EntryPoint\",\"urlTemplate\":\"https:\/\/webdevconsulting.fr\/test4\/?s={search_term_string}\"},\"query-input\":\"required name=search_term_string\"}],\"inLanguage\":\"fr-FR\"},{\"@type\":\"WebPage\",\"@id\":\"https:\/\/webdevconsulting.fr\/test4\/blog-grid-view\/#webpage\",\"url\":\"https:\/\/webdevconsulting.fr\/test4\/blog-grid-view\/\",\"name\":\"Blog Grid View - Smart BIB\",\"isPartOf\":{\"@id\":\"https:\/\/webdevconsulting.fr\/test4\/#website\"},\"datePublished\":\"2020-10-22T11:06:54+00:00\",\"dateModified\":\"2020-10-22T11:06:54+00:00\",\"breadcrumb\":{\"@id\":\"https:\/\/webdevconsulting.fr\/test4\/blog-grid-view\/#breadcrumb\"},\"inLanguage\":\"fr-FR\",\"potentialAction\":[{\"@type\":\"ReadAction\",\"target\":[\"https:\/\/webdevconsulting.fr\/test4\/blog-grid-view\/\"]}]},{\"@type\":\"BreadcrumbList\",\"@id\":\"https:\/\/webdevconsulting.fr\/test4\/blog-grid-view\/#breadcrumb\",\"itemListElement\":[{\"@type\":\"ListItem\",\"position\":1,\"name\":\"Accueil\",\"item\":\"https:\/\/webdevconsulting.fr\/test4\/\"},{\"@type\":\"ListItem\",\"position\":2,\"name\":\"Blog Grid View\"}]}]}<\/script>\n<!-- \/ Yoast SEO plugin. -->","yoast_head_json":{"title":"Blog Grid View - Smart BIB","robots":{"index":"index","follow":"follow","max-snippet":"max-snippet:-1","max-image-preview":"max-image-preview:large","max-video-preview":"max-video-preview:-1"},"canonical":"https:\/\/webdevconsulting.fr\/test4\/blog-grid-view\/","og_locale":"fr_FR","og_type":"article","og_title":"Blog Grid View - Smart BIB","og_description":"[vc_row cmt_bgimagefixed=\u00a0\u00bb\u00a0\u00bb full_width=\u00a0\u00bbstretch_row\u00a0\u00bb css=\u00a0\u00bb.vc_custom_1611917066252{padding-top: 80px !important;padding-bottom: 70px !important;}\u00a0\u00bb][vc_column][\/vc_column][\/vc_row]","og_url":"https:\/\/webdevconsulting.fr\/test4\/blog-grid-view\/","og_site_name":"Smart BIB","twitter_card":"summary_large_image","schema":{"@context":"https:\/\/schema.org","@graph":[{"@type":"WebSite","@id":"https:\/\/webdevconsulting.fr\/test4\/#website","url":"https:\/\/webdevconsulting.fr\/test4\/","name":"Smart BIB","description":"Un site utilisant WordPress","potentialAction":[{"@type":"SearchAction","target":{"@type":"EntryPoint","urlTemplate":"https:\/\/webdevconsulting.fr\/test4\/?s={search_term_string}"},"query-input":"required name=search_term_string"}],"inLanguage":"fr-FR"},{"@type":"WebPage","@id":"https:\/\/webdevconsulting.fr\/test4\/blog-grid-view\/#webpage","url":"https:\/\/webdevconsulting.fr\/test4\/blog-grid-view\/","name":"Blog Grid View - Smart BIB","isPartOf":{"@id":"https:\/\/webdevconsulting.fr\/test4\/#website"},"datePublished":"2020-10-22T11:06:54+00:00","dateModified":"2020-10-22T11:06:54+00:00","breadcrumb":{"@id":"https:\/\/webdevconsulting.fr\/test4\/blog-grid-view\/#breadcrumb"},"inLanguage":"fr-FR","potentialAction":[{"@type":"ReadAction","target":["https:\/\/webdevconsulting.fr\/test4\/blog-grid-view\/"]}]},{"@type":"BreadcrumbList","@id":"https:\/\/webdevconsulting.fr\/test4\/blog-grid-view\/#breadcrumb","itemListElement":[{"@type":"ListItem","position":1,"name":"Accueil","item":"https:\/\/webdevconsulting.fr\/test4\/"},{"@type":"ListItem","position":2,"name":"Blog Grid View"}]}]}},"_links":{"self":[{"href":"https:\/\/webdevconsulting.fr\/test4\/wp-json\/wp\/v2\/pages\/672"}],"collection":[{"href":"https:\/\/webdevconsulting.fr\/test4\/wp-json\/wp\/v2\/pages"}],"about":[{"href":"https:\/\/webdevconsulting.fr\/test4\/wp-json\/wp\/v2\/types\/page"}],"author":[{"embeddable":true,"href":"https:\/\/webdevconsulting.fr\/test4\/wp-json\/wp\/v2\/users\/1"}],"replies":[{"embeddable":true,"href":"https:\/\/webdevconsulting.fr\/test4\/wp-json\/wp\/v2\/comments?post=672"}],"version-history":[{"count":0,"href":"https:\/\/webdevconsulting.fr\/test4\/wp-json\/wp\/v2\/pages\/672\/revisions"}],"wp:attachment":[{"href":"https:\/\/webdevconsulting.fr\/test4\/wp-json\/wp\/v2\/media?parent=672"}],"curies":[{"name":"wp","href":"https:\/\/api.w.org\/{rel}","templated":true}]}}